{"id":8,"date":"2013-10-08T13:38:03","date_gmt":"2013-10-08T13:38:03","guid":{"rendered":"http:\/\/pu.chs.chalmers.se\/wordpress\/?page_id=8"},"modified":"2023-08-21T23:25:49","modified_gmt":"2023-08-21T22:25:49","slug":"konserter","status":"publish","type":"page","link":"https:\/\/programkommitten.se\/wordpress\/konserter\/","title":{"rendered":"Konserter"},"content":{"rendered":"<p>Programkommitt\u00e9n PU arrangerar mycket spelningar som sker runtom p\u00e5 campus. T.ex. s\u00e5 hj\u00e4lper vi v\u00e5ra v\u00e4nner FestU med deras spelningar p\u00e5 FestU-kalasen. Har du ett band du tycker ska spela p\u00e5 Chalmers? H\u00f6r av dig till Musikchefen p\u00e5 <a href=\"mailto:musik@programkommitten.se\">musik@programkommitten.se<\/a> med n\u00e5got att lyssna p\u00e5, s\u00e5 f\u00e5r vi se!<\/p>\n<h3>Kommande Spelningar<\/h3>\n<h3>Tidigare Spelningar!<\/h3>\n<table class=\"mceVisualAid\">\n<tbody>\n<tr>\n<td class=\"mceVisualAid\">\n<header>Halloweenkalaset 10\/11-2018<\/header>\n<p>Labyrint<\/p>\n<p>LBSB<\/td>\n<td class=\"mceVisualAid-img\"><img loading=\"lazy\" decoding=\"async\" class=\"alignleft size-full wp-image-868\" src=\"http:\/\/pu.chs.chalmers.se\/wordpress\/wp-content\/uploads\/bandrelease_halloween_dig.png\" alt=\"\" width=\"8000\" height=\"4490\" srcset=\"https:\/\/programkommitten.se\/wordpress\/wp-content\/uploads\/bandrelease_halloween_dig.png 8000w, https:\/\/programkommitten.se\/wordpress\/wp-content\/uploads\/bandrelease_halloween_dig-300x168.png 300w, https:\/\/programkommitten.se\/wordpress\/wp-content\/uploads\/bandrelease_halloween_dig-768x431.png 768w, https:\/\/programkommitten.se\/wordpress\/wp-content\/uploads\/bandrelease_halloween_dig-1024x575.png 1024w\" sizes=\"auto, (max-width: 8000px) 100vw, 8000px\" \/><\/td>\n<\/tr>\n<\/tbody>\n<\/table>\n<h3><\/h3>\n<table class=\"mceVisualAid\">\n<tbody>\n<tr>\n<td class=\"mceVisualAid\">\n<header>En Fest i 8 Bitar<\/header>\n<p>16\/5 &#8211; 2015<\/td>\n<td class=\"mceVisualAid-img\"><img decoding=\"async\" src=\"http:\/\/pu.chs.chalmers.se\/wordpress\/wp-content\/uploads\/2013\/10\/festi8bitar.png\" alt=\"\" \/><\/td>\n<\/tr>\n<tr>\n<td class=\"mceVisualAid\">\n<header>En Fest i 8 Bitar<\/header>\n<p>3\/5 &#8211; 2014<\/td>\n<td class=\"mceVisualAid-img\"><img decoding=\"async\" src=\"http:\/\/pu.chs.chalmers.se\/wordpress\/wp-content\/uploads\/2013\/10\/festi8bitar.png\" alt=\"\" \/><\/td>\n<\/tr>\n<tr>\n<td class=\"mceVisualAid\">\n<header>Hoffmaestro<\/header>\n<p>15\/3 &#8211; 2014<\/td>\n<td class=\"mceVisualAid-img\"><img decoding=\"async\" src=\"http:\/\/pu.chs.chalmers.se\/wordpress\/wp-content\/uploads\/hoffhoff-1024x479.png\" alt=\"\" \/><\/td>\n<\/tr>\n<tr>\n<td class=\"mceVisualAid\">\n<header>En fest i 8 bitar<\/header>\n<p>11\/5 &#8211; 2013<\/p>\n<ul>\n<li>Nordloef<\/li>\n<li>Bossfight<\/li>\n<li>Zabutom<\/li>\n<\/ul>\n<\/td>\n<td class=\"mceVisualAid-img\"><img decoding=\"async\" src=\"http:\/\/pu.chs.chalmers.se\/wordpress\/wp-content\/uploads\/2013\/10\/festi8bitar.png\" alt=\"\" \/><\/td>\n<\/tr>\n<tr>\n<td class=\"mceVisualAid\">\n<header>Technologic<\/header>\n<p>1\/3 &#8211; 2013<\/p>\n<ul>\n<li>FOOL<\/li>\n<li>D\u00f6dselektro<\/li>\n<li>Magnus Portin<\/li>\n<\/ul>\n<\/td>\n<td class=\"mceVisualAid-img\"><img decoding=\"async\" src=\"http:\/\/pu.chs.chalmers.se\/wordpress\/wp-content\/uploads\/2013\/10\/technologic.jpg\" alt=\"\" \/><\/td>\n<\/tr>\n<tr>\n<td class=\"mceVisualAid\">\n<header>En fest i 8-bitar<\/header>\n<p>5\/5 &#8211; 2012<\/p>\n<ul>\n<li>P Rabbit<\/li>\n<li>Algar<\/li>\n<li>Wiklund<\/li>\n<\/ul>\n<\/td>\n<td class=\"mceVisualAid-img\"><img decoding=\"async\" src=\"http:\/\/pu.chs.chalmers.se\/wordpress\/wp-content\/uploads\/2013\/10\/festi8bitar.png\" alt=\"\" \/><\/td>\n<\/tr>\n<tr>\n<td class=\"mceVisualAid\">\n<header>De Lyckliga Kompisarna<\/header>\n<p>25\/2 &#8211; 2012<\/td>\n<td class=\"mceVisualAid-img\"><img decoding=\"async\" src=\"http:\/\/pu.chs.chalmers.se\/wordpress\/wp-content\/uploads\/delyckligakompisarna.jpg\" alt=\"\" \/><\/td>\n<\/tr>\n<tr>\n<td class=\"mceVisualAid\">\n<header>En fest i 8-bitar<\/header>\n<p>7\/5 &#8211; 2011<\/p>\n<ul>\n<li>Dubmoob<\/li>\n<li>Maskinoperat\u00f6r<\/li>\n<li>Multifaros<\/li>\n<\/ul>\n<\/td>\n<td class=\"mceVisualAid-img\"><img decoding=\"async\" src=\"http:\/\/pu.chs.chalmers.se\/wordpress\/wp-content\/uploads\/2013\/10\/festi8bitar.png\" alt=\"\" \/><\/td>\n<\/tr>\n<tr>\n<td class=\"mceVisualAid\">\n<header>Bille the Vision and the Dancers<\/header>\n<p>13\/11 &#8211; 2010<\/td>\n<td class=\"mceVisualAid-img\"><img decoding=\"async\" src=\"http:\/\/pu.chs.chalmers.se\/wordpress\/wp-content\/uploads\/2013\/10\/billiethevision-1024x680.jpg\" alt=\"\" \/><\/td>\n<\/tr>\n<tr>\n<td class=\"mceVisualAid\">\n<header>En fest i 8-bitar<\/header>\n<p>8\/5 &#8211; 2010<\/p>\n<ul>\n<li>047<\/li>\n<li>MAKTONE<\/li>\n<li>fsFreak<\/li>\n<\/ul>\n<\/td>\n<td class=\"mceVisualAid-img\"><img decoding=\"async\" src=\"http:\/\/pu.chs.chalmers.se\/wordpress\/wp-content\/uploads\/2013\/10\/festi8bitar.png\" alt=\"\" \/><\/td>\n<\/tr>\n<tr>\n<td class=\"mceVisualAid\">\n<header>Slagsm\u00e5lsklubben + Den Svenska Bj\u00f6rnstammen &amp; Per Hammar<\/header>\n<p>13\/3 &#8211; 2010<\/td>\n<td class=\"mceVisualAid-img\"><img decoding=\"async\" src=\"http:\/\/pu.chs.chalmers.se\/wordpress\/wp-content\/uploads\/slagsmalsklubben.jpg\" alt=\"\" \/><\/td>\n<\/tr>\n<tr>\n<td class=\"mceVisualAid\">\n<header>Loke<\/header>\n<p>3\/10 &#8211; 2009<\/td>\n<td class=\"mceVisualAid-img\"><img decoding=\"async\" title=\"Loke\" src=\"http:\/\/pu.chs.chalmers.se\/wordpress\/wp-content\/uploads\/2013\/10\/loke.jpg\" alt=\"\" \/><\/td>\n<\/tr>\n<tr>\n<td class=\"mceVisualAid\">\n<header>En fest i 8-bitar<\/header>\n<p>9\/5 &#8211; 2009<\/p>\n<ul>\n<li>Dubmood<\/li>\n<li>Adventure Kid<\/li>\n<li>Go Hjalmar Go vs. Chip Quartet<\/li>\n<\/ul>\n<\/td>\n<td class=\"mceVisualAid-img\"><img decoding=\"async\" src=\"http:\/\/pu.chs.chalmers.se\/wordpress\/wp-content\/uploads\/2013\/10\/festi8bitar.png\" alt=\"\" \/><\/td>\n<\/tr>\n<tr>\n<td class=\"mceVisualAid\">\n<header>Tiger Lou<\/header>\n<p>4\/4 &#8211; 2009<\/td>\n<td class=\"mceVisualAid-img\"><img decoding=\"async\" src=\"http:\/\/pu.chs.chalmers.se\/wordpress\/wp-content\/uploads\/2013\/10\/tgrlou.jpg\" alt=\"\" \/><\/td>\n<\/tr>\n<tr>\n<td class=\"mceVisualAid\">\n<header>De Lyckliga Kompisarna<\/header>\n<p>25\/10 &#8211; 2008<\/td>\n<td class=\"mceVisualAid-img\"><img decoding=\"async\" src=\"http:\/\/pu.chs.chalmers.se\/wordpress\/wp-content\/uploads\/delyckligakompisarna.jpg\" alt=\"\" \/><\/td>\n<\/tr>\n<tr>\n<td class=\"mceVisualAid\">\n<header>Way Out West<\/header>\n<p>8\/8 &#8211; 2008 &#8211; 9\/8 &#8211; 2008<\/p>\n<ul>\n<li>Chords<\/li>\n<li>Faca<\/li>\n<li>Timbuktu<\/li>\n<li>Adam Tensta<\/li>\n<\/ul>\n<\/td>\n<td class=\"mceVisualAid-img\"><img decoding=\"async\" src=\"http:\/\/pu.chs.chalmers.se\/wordpress\/wp-content\/uploads\/2013\/12\/wayoutwest.gif\" alt=\"\" \/><\/td>\n<\/tr>\n<tr>\n<td class=\"mceVisualAid\">\n<header>Shout Out Louds, Days och Lykke Li<\/header>\n<p>1\/12 &#8211; 2008<\/td>\n<td class=\"mceVisualAid-img\"><img decoding=\"async\" src=\"http:\/\/pu.chs.chalmers.se\/wordpress\/wp-content\/uploads\/2013\/10\/shoutoutlouds.jpg\" alt=\"\" \/><\/td>\n<\/tr>\n<tr>\n<td class=\"mceVisualAid\">\n<header>Gogol Bordello, La Phaze och DJ Scratchy<\/header>\n<p>30\/11 &#8211; 2007<\/td>\n<td class=\"mceVisualAid-img\"><img decoding=\"async\" src=\"http:\/\/pu.chs.chalmers.se\/wordpress\/wp-content\/uploads\/gogol-bordello.jpg\" alt=\"\" \/><\/td>\n<\/tr>\n<tr>\n<td class=\"mceVisualAid\">\n<header>Slagsm\u00e5lsklubben + CK<\/header>\n<p>13\/10 &#8211; 2007<\/td>\n<td class=\"mceVisualAid-img\"><img decoding=\"async\" src=\"http:\/\/pu.chs.chalmers.se\/wordpress\/wp-content\/uploads\/slagsmalsklubben.jpg\" alt=\"\" \/><\/td>\n<\/tr>\n<tr>\n<td class=\"mceVisualAid\">\n<header>Tingsek<\/header>\n<p>8\/9 &#8211; 2007<\/td>\n<td class=\"mceVisualAid-img\"><img decoding=\"async\" src=\"http:\/\/pu.chs.chalmers.se\/wordpress\/wp-content\/uploads\/2013\/10\/tingsek.jpg\" alt=\"\" \/><\/td>\n<\/tr>\n<tr>\n<td class=\"mceVisualAid\">\n<header>The Eastpak Antidote Tour<\/header>\n<p>25\/11 &#8211; 2006<\/p>\n<ul>\n<li>Danko Jones<\/li>\n<li>Gogol Bordello<\/li>\n<li>Disco Ensemble<\/li>\n<li>Bedouin Soundclash<\/li>\n<\/ul>\n<\/td>\n<td class=\"mceVisualAid-img\"><img decoding=\"async\" src=\"http:\/\/pu.chs.chalmers.se\/wordpress\/wp-content\/uploads\/2013\/10\/antidote.jpg\" alt=\"\" \/><\/td>\n<\/tr>\n<tr>\n<td class=\"mceVisualAid\">\n<header>Welle: Erdball<\/header>\n<p>17\/11 &#8211; 2006<\/td>\n<td class=\"mceVisualAid-img\"><img decoding=\"async\" src=\"http:\/\/pu.chs.chalmers.se\/wordpress\/wp-content\/uploads\/2013\/10\/welle.jpg\" alt=\"\" \/><\/td>\n<\/tr>\n<tr>\n<td class=\"mceVisualAid\">\n<header>Sugarplum Fairy<\/header>\n<p>28\/10 &#8211; 2006<\/td>\n<td class=\"mceVisualAid-img\"><img decoding=\"async\" src=\"http:\/\/pu.chs.chalmers.se\/wordpress\/wp-content\/uploads\/2013\/10\/sugarplum.jpg\" alt=\"\" \/><\/td>\n<\/tr>\n<tr>\n<td class=\"mceVisualAid\">\n<header>Dia Psalma<\/header>\n<p>14\/10 &#8211; 2006<em>Sluts\u00e5lt!<\/em><\/td>\n<td class=\"mceVisualAid-img\"><img decoding=\"async\" src=\"http:\/\/pu.chs.chalmers.se\/wordpress\/wp-content\/uploads\/2013\/10\/diapsalma.jpg\" alt=\"\" \/><\/td>\n<\/tr>\n<tr>\n<td class=\"mceVisualAid\">\n<header>Slagsm\u00e5lsklubben<\/header>\n<p>9\/9 &#8211; 2006<\/td>\n<td class=\"mceVisualAid-img\"><img decoding=\"async\" src=\"http:\/\/pu.chs.chalmers.se\/wordpress\/wp-content\/uploads\/slagsmalsklubben.jpg\" alt=\"\" \/><\/td>\n<\/tr>\n<tr>\n<td class=\"mceVisualAid\">\n<header>Radio dept och The Embassy<\/header>\n<p>12\/5 &#8211; 2006<\/td>\n<td class=\"mceVisualAid-img\"><img decoding=\"async\" src=\"http:\/\/pu.chs.chalmers.se\/wordpress\/wp-content\/uploads\/2013\/10\/radiodept.jpg\" alt=\"\" \/><\/td>\n<\/tr>\n<tr>\n<td class=\"mceVisualAid\">\n<header>J\u00e4vlaranamma<\/header>\n<p>11\/3 &#8211; 2006<em>Sluts\u00e5lt!<\/em><\/td>\n<td class=\"mceVisualAid-img\"><img decoding=\"async\" src=\"http:\/\/pu.chs.chalmers.se\/wordpress\/wp-content\/uploads\/2013\/10\/javlaranamma.jpg\" alt=\"\" \/><\/td>\n<\/tr>\n<tr>\n<td class=\"mceVisualAid\">\n<header>Moneybrother<\/header>\n<p>16\/12 &#8211; 2005<\/td>\n<td class=\"mceVisualAid-img\"><img decoding=\"async\" src=\"http:\/\/pu.chs.chalmers.se\/wordpress\/wp-content\/uploads\/2013\/10\/moneybrother.jpg\" alt=\"\" \/><\/td>\n<\/tr>\n<tr>\n<td class=\"mceVisualAid\">\n<header>Svenska Akademien<\/header>\n<p>3\/12 &#8211; 2005<em>Sluts\u00e5lt!<\/em><\/td>\n<td class=\"mceVisualAid-img\"><img decoding=\"async\" src=\"http:\/\/pu.chs.chalmers.se\/wordpress\/wp-content\/uploads\/2013\/10\/svenskaakademien.jpg\" alt=\"\" \/><\/td>\n<\/tr>\n<tr>\n<td class=\"mceVisualAid\">\n<header>Weeping Willows<\/header>\n<p>12\/11 &#8211; 2005<\/td>\n<td class=\"mceVisualAid\"><\/td>\n<\/tr>\n<tr>\n<td class=\"mceVisualAid\">\n<header>Nevermore<\/header>\n<p>8\/10 &#8211; 2005<\/td>\n<td class=\"mceVisualAid\"><\/td>\n<\/tr>\n<tr>\n<td class=\"mceVisualAid\">\n<header>Club Killers<\/header>\n<p>3\/9 &#8211; 2005<\/td>\n<td class=\"mceVisualAid\"><\/td>\n<\/tr>\n<\/tbody>\n<\/table>\n","protected":false},"excerpt":{"rendered":"<p>Programkommitt\u00e9n PU arrangerar mycket spelningar som sker runtom p\u00e5 campus. T.ex. s\u00e5 hj\u00e4lper vi v\u00e5ra v\u00e4nner FestU med deras spelningar p\u00e5 FestU-kalasen. Har du ett band du tycker ska spela p\u00e5 Chalmers? H\u00f6r av dig till Musikchefen p\u00e5 musik@programkommitten.se med n\u00e5got att lyssna p\u00e5, s\u00e5 f\u00e5r vi se! Kommande Spelningar Tidigare Spelningar! Halloweenkalaset 10\/11-2018 Labyrint [&hellip;]<\/p>\n","protected":false},"author":7,"featured_media":0,"parent":0,"menu_order":0,"comment_status":"closed","ping_status":"closed","template":"","meta":{"footnotes":""},"class_list":["post-8","page","type-page","status-publish","hentry"],"_links":{"self":[{"href":"https:\/\/programkommitten.se\/wordpress\/wp-json\/wp\/v2\/pages\/8","targetHints":{"allow":["GET"]}}],"collection":[{"href":"https:\/\/programkommitten.se\/wordpress\/wp-json\/wp\/v2\/pages"}],"about":[{"href":"https:\/\/programkommitten.se\/wordpress\/wp-json\/wp\/v2\/types\/page"}],"author":[{"embeddable":true,"href":"https:\/\/programkommitten.se\/wordpress\/wp-json\/wp\/v2\/users\/7"}],"replies":[{"embeddable":true,"href":"https:\/\/programkommitten.se\/wordpress\/wp-json\/wp\/v2\/comments?post=8"}],"version-history":[{"count":70,"href":"https:\/\/programkommitten.se\/wordpress\/wp-json\/wp\/v2\/pages\/8\/revisions"}],"predecessor-version":[{"id":1592,"href":"https:\/\/programkommitten.se\/wordpress\/wp-json\/wp\/v2\/pages\/8\/revisions\/1592"}],"wp:attachment":[{"href":"https:\/\/programkommitten.se\/wordpress\/wp-json\/wp\/v2\/media?parent=8"}],"curies":[{"name":"wp","href":"https:\/\/api.w.org\/{rel}","templated":true}]}}