{"id":6,"date":"2013-10-08T13:37:47","date_gmt":"2013-10-08T13:37:47","guid":{"rendered":"http:\/\/pu.chs.chalmers.se\/wordpress\/?page_id=6"},"modified":"2025-12-02T01:57:00","modified_gmt":"2025-12-02T00:57:00","slug":"bio","status":"publish","type":"page","link":"https:\/\/programkommitten.se\/wordpress\/bio\/","title":{"rendered":"Chalmersbion"},"content":{"rendered":"<p>Chalmersbion har visat filmer f\u00f6r studenternas n\u00f6je i decennier nu. Kulturniv\u00e5n p\u00e5 filmerna har varierat v\u00e4ldigt beroende p\u00e5 hur mycket Filmchefen k\u00e4nt att Chalmeristerna beh\u00f6vts berikas.<\/p>\n<ul>\n<li><a href=\"#vanliga_fragor\">Vanliga fr\u00e5gor<\/a><\/li>\n<li><a href=\"#reklam_innan_bion\">Reklam innan bion<\/a><\/li>\n<li><a href=\"#tidigare_filmer\">Bioschema<\/a><\/li>\n<\/ul>\n<p>Har du n\u00e5gon \u00f6vrig fundering om Chalmersbion som inte framg\u00e5r p\u00e5 sidan s\u00e5 g\u00e5r det bra att maila <a title=\"Kontakt\" href=\"http:\/\/pu.chs.chalmers.se\/wordpress\/kontakt\/\">Filmchefen<\/a>.<\/p>\n<p><a name=\"vanliga_fragor\"><\/a><\/p>\n<h3>Vanliga fr\u00e5gor<\/h3>\n<h4>N\u00e4r visar ni bio?<\/h4>\n<p>Vanligtvis p\u00e5 torsdagar vid 19:00. <br \/>H\u00e5ll utkik efter v\u00e5ra affischer eller kolla v\u00e5rt <a href=\"#tidigare_filmer\">bioschema<\/a>!<\/p>\n<h4>Var visar ni filmerna?<\/h4>\n<p>Chalmers biograf, som \u00e4r <strong>G\u00f6teborgs tredje st\u00f6rsta biograf<\/strong>, h\u00e5lls i RunAn p\u00e5 andra v\u00e5ningen i K\u00e5rhuset.<\/p>\n<h4>Hur fixar man en biljett?<\/h4>\n<p><b>Under mottagningen g\u00e5r Nollan p\u00e5 PU-bio gratis vid uppvisning av k\u00e5rkortet, observera att hen fortfarande m\u00e5ste k\u00f6a och h\u00e4mta ut en biljett.<\/b><\/p>\n<p>Biljetterna b\u00f6rjar s\u00e4ljas kl 18:00 i V\u00f6rtpannan, vid entr\u00e9n till K\u00e5rhuset. En biljett kostar 70 kronor om man betalar med laddat k\u00e5rkort (fr\u00e5n Chalmers Studentk\u00e5r) eller 80 kr med vanligt kontokort och f\u00f6r icke-chalmerister. Vi tar inte emot kontanter.<\/p>\n<p><a name=\"reklam_innan_bion\"><\/a><\/p>\n<h3>Reklam innan Bion<\/h3>\n<p>Sedan 2013 s\u00e5 visar PU film p\u00e5 en digitalprojektor vilket m\u00f6jligg\u00f6r att visa reklam innan bion. Vare sig du \u00e4r fr\u00e5n ett utomst\u00e5ende f\u00f6retag eller PR-chef i en kommitt\u00e9 som vill promota ett event s\u00e5 \u00e4r du varmt v\u00e4lkommen att h\u00f6ra av dig till oss. Notera att Programkommitt\u00e9n PU kommer se igenom inneh\u00e5llet innan och f\u00f6rbeh\u00e5ller sig r\u00e4tten att inte visa upp st\u00f6tande, kr\u00e4nkande eller material som bryter mot Sveriges Rikes Lag eller Chalmers Studentk\u00e5rs riktlinjer. Vid fr\u00e5gor ang\u00e5ende reklam p\u00e5 bion kan man skicka ett mail till <strong>pu<\/strong><strong>@programkommitten.se<\/strong>.<\/p>\n<h4>Format:<\/h4>\n<p>Filformatet \u00e4r DCP och beroende p\u00e5 formatet p\u00e5 filmen som visas kan uppl\u00f6sningen variera mellan tv\u00e5 alternativ, Cinema Scope som \u00e4r 2048&#215;858 och FLAT som \u00e4r 1998&#215;1080. 24 FPS g\u00e4ller f\u00f6r alla filmer. Vid eventuella fr\u00e5gor om filformatet kontakta <a title=\"Kontakt\" href=\"http:\/\/pu.chs.chalmers.se\/wordpress\/kontakt\/\">Filmchefen<\/a>.<br \/><a name=\"tidigare_filmer\"><\/a><\/p>\n<h3>Kommande biovisiningar:<\/h3>\n\n\n<p><\/p>\n\n\n\n<p><\/p>\n\n\n\n<p><\/p>\n","protected":false},"excerpt":{"rendered":"<p>Chalmersbion har visat filmer f\u00f6r studenternas n\u00f6je i decennier nu. Kulturniv\u00e5n p\u00e5 filmerna har varierat v\u00e4ldigt beroende p\u00e5 hur mycket Filmchefen k\u00e4nt att Chalmeristerna beh\u00f6vts berikas. Vanliga fr\u00e5gor Reklam innan bion Bioschema Har du n\u00e5gon \u00f6vrig fundering om Chalmersbion som inte framg\u00e5r p\u00e5 sidan s\u00e5 g\u00e5r det bra att maila Filmchefen. Vanliga fr\u00e5gor N\u00e4r visar [&hellip;]<\/p>\n","protected":false},"author":7,"featured_media":0,"parent":0,"menu_order":0,"comment_status":"closed","ping_status":"closed","template":"","meta":{"footnotes":""},"class_list":["post-6","page","type-page","status-publish","hentry"],"_links":{"self":[{"href":"https:\/\/programkommitten.se\/wordpress\/wp-json\/wp\/v2\/pages\/6","targetHints":{"allow":["GET"]}}],"collection":[{"href":"https:\/\/programkommitten.se\/wordpress\/wp-json\/wp\/v2\/pages"}],"about":[{"href":"https:\/\/programkommitten.se\/wordpress\/wp-json\/wp\/v2\/types\/page"}],"author":[{"embeddable":true,"href":"https:\/\/programkommitten.se\/wordpress\/wp-json\/wp\/v2\/users\/7"}],"replies":[{"embeddable":true,"href":"https:\/\/programkommitten.se\/wordpress\/wp-json\/wp\/v2\/comments?post=6"}],"version-history":[{"count":155,"href":"https:\/\/programkommitten.se\/wordpress\/wp-json\/wp\/v2\/pages\/6\/revisions"}],"predecessor-version":[{"id":1881,"href":"https:\/\/programkommitten.se\/wordpress\/wp-json\/wp\/v2\/pages\/6\/revisions\/1881"}],"wp:attachment":[{"href":"https:\/\/programkommitten.se\/wordpress\/wp-json\/wp\/v2\/media?parent=6"}],"curies":[{"name":"wp","href":"https:\/\/api.w.org\/{rel}","templated":true}]}}