{"id":16,"date":"2013-10-08T13:39:05","date_gmt":"2013-10-08T13:39:05","guid":{"rendered":"http:\/\/pu.chs.chalmers.se\/wordpress\/?page_id=16"},"modified":"2025-08-17T00:25:34","modified_gmt":"2025-08-16T23:25:34","slug":"svin","status":"publish","type":"page","link":"https:\/\/programkommitten.se\/wordpress\/svin\/","title":{"rendered":"Ex-PU"},"content":{"rendered":"\n<h4 class=\"wp-block-heading\">PU 24\/25<\/h4>\n\n\n\n<figure class=\"wp-block-image size-large is-resized\"><img loading=\"lazy\" decoding=\"async\" width=\"1024\" height=\"819\" src=\"https:\/\/programkommitten.se\/wordpress\/wp-content\/uploads\/20240819_001_01D-214-Edit-1024x819.jpg\" alt=\"\" class=\"wp-image-1732\" style=\"width:505px;height:auto\" srcset=\"https:\/\/programkommitten.se\/wordpress\/wp-content\/uploads\/20240819_001_01D-214-Edit-1024x819.jpg 1024w, https:\/\/programkommitten.se\/wordpress\/wp-content\/uploads\/20240819_001_01D-214-Edit-300x240.jpg 300w, https:\/\/programkommitten.se\/wordpress\/wp-content\/uploads\/20240819_001_01D-214-Edit-768x614.jpg 768w, https:\/\/programkommitten.se\/wordpress\/wp-content\/uploads\/20240819_001_01D-214-Edit-1536x1229.jpg 1536w, https:\/\/programkommitten.se\/wordpress\/wp-content\/uploads\/20240819_001_01D-214-Edit-2048x1638.jpg 2048w\" sizes=\"auto, (max-width: 1024px) 100vw, 1024px\" \/><\/figure>\n\n\n\n<p>Ordf\u00f6rande: Albin Svenske<br>Kass\u00f6r: Victor Rasmusson<br>PR-chef: Johanna Edh<br>\u00d6lchef: Daniel Melin<br>Filmchef: Emelie Gillerstedt<br>Kurs\/Kulturchef: Mandus H\u00f6gberg<br>Musikchef: Hannah Tu<\/p>\n\n\n\n<h4 class=\"wp-block-heading\">PU 23\/24<\/h4>\n\n\n\n<figure class=\"wp-block-image size-large is-resized\"><img loading=\"lazy\" decoding=\"async\" width=\"1024\" height=\"819\" src=\"https:\/\/programkommitten.se\/wordpress\/wp-content\/uploads\/387767281_837754641685527_4704287525586533898_n.png-3-1024x819.jpeg\" alt=\"\" class=\"wp-image-1799\" style=\"width:505px;height:auto\" srcset=\"https:\/\/programkommitten.se\/wordpress\/wp-content\/uploads\/387767281_837754641685527_4704287525586533898_n.png-3-1024x819.jpeg 1024w, https:\/\/programkommitten.se\/wordpress\/wp-content\/uploads\/387767281_837754641685527_4704287525586533898_n.png-3-300x240.jpeg 300w, https:\/\/programkommitten.se\/wordpress\/wp-content\/uploads\/387767281_837754641685527_4704287525586533898_n.png-3-768x614.jpeg 768w, https:\/\/programkommitten.se\/wordpress\/wp-content\/uploads\/387767281_837754641685527_4704287525586533898_n.png-3.jpeg 1500w\" sizes=\"auto, (max-width: 1024px) 100vw, 1024px\" \/><\/figure>\n\n\n\n<p>Ordf\u00f6rande: Louise Selin<br>Kass\u00f6r: Jennie \u00d6nnermalm<br>PR-chef: Jonathan Linder<br>\u00d6lchef: Daniel Malmgren<br>Filmchef: Wilhelm Henriksson<br>Kurs\/Kulturchef: Sofia Bergendahl<br>Musikchef: Axel Carlstedt<\/p>\n\n\n\n<h4 class=\"wp-block-heading\">PU 22\/23<\/h4>\n\n\n\n<figure class=\"wp-block-image size-large is-resized\"><img loading=\"lazy\" decoding=\"async\" width=\"1024\" height=\"791\" src=\"https:\/\/programkommitten.se\/wordpress\/wp-content\/uploads\/20220831_001_01D_507-Redigera-min-1-1-1024x791.jpg\" alt=\"\" class=\"wp-image-1585\" style=\"width:499px;height:386px\" srcset=\"https:\/\/programkommitten.se\/wordpress\/wp-content\/uploads\/20220831_001_01D_507-Redigera-min-1-1-1024x791.jpg 1024w, https:\/\/programkommitten.se\/wordpress\/wp-content\/uploads\/20220831_001_01D_507-Redigera-min-1-1-300x232.jpg 300w, https:\/\/programkommitten.se\/wordpress\/wp-content\/uploads\/20220831_001_01D_507-Redigera-min-1-1-768x593.jpg 768w, https:\/\/programkommitten.se\/wordpress\/wp-content\/uploads\/20220831_001_01D_507-Redigera-min-1-1-1536x1187.jpg 1536w, https:\/\/programkommitten.se\/wordpress\/wp-content\/uploads\/20220831_001_01D_507-Redigera-min-1-1-2048x1583.jpg 2048w\" sizes=\"auto, (max-width: 1024px) 100vw, 1024px\" \/><\/figure>\n\n\n\n<p>Ordf\u00f6rande: P\u00e9ter Gaal<br>Kass\u00f6r: Melker Wikstr\u00f6m<br>PR-chef: Axel S\u00f6derberg<br>\u00d6lchef: Emelie Blade<br>Filmchef: Maja Sv\u00e4rd<br>Kurs\/Kulturchef: Hugo M\u00e5rdbrink<br>Musikchef: Julia B\u00f6ckert<\/p>\n\n\n\n<h4 class=\"wp-block-heading\">PU 21\/22<\/h4>\n\n\n\n<figure class=\"wp-block-image size-large is-resized\"><img loading=\"lazy\" decoding=\"async\" width=\"1024\" height=\"683\" src=\"https:\/\/pu.chs.chalmers.se\/wordpress\/wp-content\/uploads\/rsz_20210823_001_pu_studio_120-redigera-1-1024x683.jpg\" alt=\"\" class=\"wp-image-1489\" style=\"width:500px;height:undefinedpx\" srcset=\"https:\/\/programkommitten.se\/wordpress\/wp-content\/uploads\/rsz_20210823_001_pu_studio_120-redigera-1-1024x683.jpg 1024w, https:\/\/programkommitten.se\/wordpress\/wp-content\/uploads\/rsz_20210823_001_pu_studio_120-redigera-1-300x200.jpg 300w, https:\/\/programkommitten.se\/wordpress\/wp-content\/uploads\/rsz_20210823_001_pu_studio_120-redigera-1-768x512.jpg 768w, https:\/\/programkommitten.se\/wordpress\/wp-content\/uploads\/rsz_20210823_001_pu_studio_120-redigera-1-1536x1024.jpg 1536w, https:\/\/programkommitten.se\/wordpress\/wp-content\/uploads\/rsz_20210823_001_pu_studio_120-redigera-1-2048x1365.jpg 2048w\" sizes=\"auto, (max-width: 1024px) 100vw, 1024px\" \/><\/figure>\n\n\n\n<p>Ordf\u00f6rande: Carl Wiede<br>Kass\u00f6r: Henrik Holmstr\u00f6m<br>PR-chef: Karl Gunnarsson<br>\u00d6lchef: Filip Lindset<br>Filmchef: David Andreasson<br>Kurs\/Kulturchef: Matilda Dahlin<br>Musikchef: Jakob Henriksson<\/p>\n\n\n\n<h4 class=\"wp-block-heading\">PU 20\/21<\/h4>\n\n\n\n<figure class=\"wp-block-image size-large is-resized\"><img loading=\"lazy\" decoding=\"async\" width=\"1024\" height=\"732\" src=\"https:\/\/pu.chs.chalmers.se\/wordpress\/wp-content\/uploads\/pu2021-1024x732.jpg\" alt=\"\" class=\"wp-image-1492\" style=\"width:500px;height:undefinedpx\" srcset=\"https:\/\/programkommitten.se\/wordpress\/wp-content\/uploads\/pu2021-1024x732.jpg 1024w, https:\/\/programkommitten.se\/wordpress\/wp-content\/uploads\/pu2021-300x214.jpg 300w, https:\/\/programkommitten.se\/wordpress\/wp-content\/uploads\/pu2021-768x549.jpg 768w, https:\/\/programkommitten.se\/wordpress\/wp-content\/uploads\/pu2021-1536x1097.jpg 1536w, https:\/\/programkommitten.se\/wordpress\/wp-content\/uploads\/pu2021-140x100.jpg 140w, https:\/\/programkommitten.se\/wordpress\/wp-content\/uploads\/pu2021.jpg 2048w\" sizes=\"auto, (max-width: 1024px) 100vw, 1024px\" \/><\/figure>\n\n\n\n<p>Ordf\u00f6rande: Sara Sehdo<br>Kass\u00f6r: Anton Norlander<br>PR-chef: Charlotta Andersson<br>\u00d6lchef: Herman Bergstr\u00f6m<br>Filmchef: Joakim Burman<br>Kurs\/Kulturchef: Nils-Martin Robeling<br>Musikchef: Hannes Lillieblad<\/p>\n\n\n\n<h4 class=\"wp-block-heading\">PU 19\/20<\/h4>\n\n\n\n<p><img loading=\"lazy\" decoding=\"async\" width=\"500\" height=\"356\" class=\"wp-image-1227\" style=\"width: 500px;\" src=\"https:\/\/pu.chs.chalmers.se\/wordpress\/wp-content\/uploads\/babespu3.jpg\" alt=\"\" srcset=\"https:\/\/programkommitten.se\/wordpress\/wp-content\/uploads\/babespu3.jpg 2070w, https:\/\/programkommitten.se\/wordpress\/wp-content\/uploads\/babespu3-300x214.jpg 300w, https:\/\/programkommitten.se\/wordpress\/wp-content\/uploads\/babespu3-1024x729.jpg 1024w, https:\/\/programkommitten.se\/wordpress\/wp-content\/uploads\/babespu3-768x547.jpg 768w, https:\/\/programkommitten.se\/wordpress\/wp-content\/uploads\/babespu3-1536x1094.jpg 1536w, https:\/\/programkommitten.se\/wordpress\/wp-content\/uploads\/babespu3-2048x1458.jpg 2048w, https:\/\/programkommitten.se\/wordpress\/wp-content\/uploads\/babespu3-140x100.jpg 140w\" sizes=\"auto, (max-width: 500px) 100vw, 500px\" \/><br>Ordf\u00f6rande: Emil Karlsson<br>Kass\u00f6r: Therese Dahlberg<br>PR-chef: Ellen Friborg<br>\u00d6lchef: Linn\u00e9a Almius<br>Filmchef: Johannes Hedfors<br>Kurs\/Kulturchef: Greta Gascon Rudin<br>Musikchef: Carl-Johan J\u00e4berg<\/p>\n\n\n\n<h4 class=\"wp-block-heading\">PU 18\/19<\/h4>\n\n\n\n<p><img loading=\"lazy\" decoding=\"async\" width=\"500\" height=\"400\" class=\"wp-image-1229\" style=\"width: 500px;\" src=\"https:\/\/pu.chs.chalmers.se\/wordpress\/wp-content\/uploads\/FB_IMG_1592312825919.jpg\" alt=\"\" srcset=\"https:\/\/programkommitten.se\/wordpress\/wp-content\/uploads\/FB_IMG_1592312825919.jpg 1080w, https:\/\/programkommitten.se\/wordpress\/wp-content\/uploads\/FB_IMG_1592312825919-300x240.jpg 300w, https:\/\/programkommitten.se\/wordpress\/wp-content\/uploads\/FB_IMG_1592312825919-1024x819.jpg 1024w, https:\/\/programkommitten.se\/wordpress\/wp-content\/uploads\/FB_IMG_1592312825919-768x614.jpg 768w\" sizes=\"auto, (max-width: 500px) 100vw, 500px\" \/>CFFC.se<br>Ordf\u00f6rande: Rebecka Engstr\u00f6m Gustafsson<br>Kass\u00f6r: Rickard Aas<br>PR-chef: Madeleine Lex\u00e9n<br>\u00d6lchef: Niklas Jonsson<br>Filmchef: Carl Larsson<br>Kurs\/Kulturchef: Michael Kulin<br>Musikchef: Filip Ekebom<\/p>\n\n\n\n<h4 class=\"wp-block-heading\">PU 17\/18<\/h4>\n\n\n\n<p>Ordf\u00f6rande: Fredric Furborg<br>Kass\u00f6r: Gabriella Hammarlund<br>PR-chef: Tove Larsson<br>\u00d6lchef: Johan Erlandsson<br>Filmchef: Anton Johannesson<br>Kurs\/Kulturchef: Hanna Karlsson<br>Musikchef: Adam T\u00f6rnkvist<\/p>\n\n\n\n<h4 class=\"wp-block-heading\">PU 16\/17<\/h4>\n\n\n\n<figure class=\"wp-block-image size-large is-resized\"><img loading=\"lazy\" decoding=\"async\" width=\"1024\" height=\"922\" src=\"https:\/\/pu.chs.chalmers.se\/wordpress\/wp-content\/uploads\/puuuu-1024x922.jpg\" alt=\"\" class=\"wp-image-1461\" style=\"width:503px;height:453px\" srcset=\"https:\/\/programkommitten.se\/wordpress\/wp-content\/uploads\/puuuu-1024x922.jpg 1024w, https:\/\/programkommitten.se\/wordpress\/wp-content\/uploads\/puuuu-300x270.jpg 300w, https:\/\/programkommitten.se\/wordpress\/wp-content\/uploads\/puuuu-768x692.jpg 768w, https:\/\/programkommitten.se\/wordpress\/wp-content\/uploads\/puuuu-1536x1383.jpg 1536w, https:\/\/programkommitten.se\/wordpress\/wp-content\/uploads\/puuuu.jpg 2048w\" sizes=\"auto, (max-width: 1024px) 100vw, 1024px\" \/><\/figure>\n\n\n\n<p><\/p>\n\n\n\n<p>Ordf\u00f6rande: Matilda Kristiansson<br>Kass\u00f6r:&nbsp;Emil Lillieblad<br>PR-chef:&nbsp;Johannes Hild\u00e9n<br>\u00d6lchef:&nbsp;Mikael Gordani<br>Filmchef: Lage Bergman<br>Kurs\/Kulturchef:&nbsp;Jenny Pettersen<br>Musikchef:&nbsp;Darijan Jelica<\/p>\n\n\n\n<h4 class=\"wp-block-heading\">PU 15\/16<\/h4>\n\n\n\n<p><img loading=\"lazy\" decoding=\"async\" width=\"500\" height=\"482\" class=\"wp-image-1231\" style=\"width: 500px;\" src=\"https:\/\/pu.chs.chalmers.se\/wordpress\/wp-content\/uploads\/1516-scaled.jpg\" alt=\"\" srcset=\"https:\/\/programkommitten.se\/wordpress\/wp-content\/uploads\/1516-scaled.jpg 2560w, https:\/\/programkommitten.se\/wordpress\/wp-content\/uploads\/1516-300x289.jpg 300w, https:\/\/programkommitten.se\/wordpress\/wp-content\/uploads\/1516-1024x986.jpg 1024w, https:\/\/programkommitten.se\/wordpress\/wp-content\/uploads\/1516-768x740.jpg 768w, https:\/\/programkommitten.se\/wordpress\/wp-content\/uploads\/1516-1536x1479.jpg 1536w, https:\/\/programkommitten.se\/wordpress\/wp-content\/uploads\/1516-2048x1972.jpg 2048w, https:\/\/programkommitten.se\/wordpress\/wp-content\/uploads\/1516-60x57.jpg 60w\" sizes=\"auto, (max-width: 500px) 100vw, 500px\" \/><br>Ordf\u00f6rande:&nbsp;Andreas Pettersson<br>Kass\u00f6r:&nbsp;Maria Magnusson<br>PR-chef:&nbsp;Viktor Insg\u00e5rd<br>\u00d6lchef:&nbsp;Erik Lundin<br>Filmchef:&nbsp;Fredrik Boldizar<br>Kurs\/Kulturchef:&nbsp;Sebastian Lund<br>Musikchef:&nbsp;Una Slipac<\/p>\n\n\n\n<h4 class=\"wp-block-heading\">PU 14\/15<\/h4>\n\n\n\n<figure class=\"wp-block-image size-large is-resized\"><img loading=\"lazy\" decoding=\"async\" width=\"1024\" height=\"683\" src=\"https:\/\/pu.chs.chalmers.se\/wordpress\/wp-content\/uploads\/20140820_001_01D_387-Edit_2-1024x683.jpg\" alt=\"\" class=\"wp-image-1369\" style=\"width:511px;height:340px\" srcset=\"https:\/\/programkommitten.se\/wordpress\/wp-content\/uploads\/20140820_001_01D_387-Edit_2-1024x683.jpg 1024w, https:\/\/programkommitten.se\/wordpress\/wp-content\/uploads\/20140820_001_01D_387-Edit_2-300x200.jpg 300w, https:\/\/programkommitten.se\/wordpress\/wp-content\/uploads\/20140820_001_01D_387-Edit_2-768x512.jpg 768w, https:\/\/programkommitten.se\/wordpress\/wp-content\/uploads\/20140820_001_01D_387-Edit_2-1536x1024.jpg 1536w, https:\/\/programkommitten.se\/wordpress\/wp-content\/uploads\/20140820_001_01D_387-Edit_2-2048x1366.jpg 2048w\" sizes=\"auto, (max-width: 1024px) 100vw, 1024px\" \/><\/figure>\n\n\n\n<p>Ordf\u00f6rande:&nbsp;Charlotte Lanfelt<br>Kass\u00f6r:&nbsp;Trygve Gr\u00f8ndahl<br>PR-chef:&nbsp;Lucas Jansson<br>\u00d6lchef:&nbsp;Pontus Savolainen<br>Filmchef:&nbsp;Jonathan Winther<br>Kurs\/Kulturchef:&nbsp;\u00c5sa Rogenfelt<br>Musikchef:&nbsp;Sandra Jonsson<\/p>\n\n\n\n<h4 class=\"wp-block-heading\">PU 13\/14<\/h4>\n\n\n\n<p>Ordf\u00f6rande: Mikael Alping<br>Kass\u00f6r: Emil Kristiansson<br>PR-chef: Hanna Tillberg<br>\u00d6lchef: Johan Persson<br>Filmchef: Anton Bergman<br>Kurs\/Kulturchef: Johan H\u00e4rdmark<br>Musikchef: Jakob Boman<\/p>\n\n\n\n<h4 class=\"wp-block-heading\">PU 12\/13<\/h4>\n\n\n\n<p><img loading=\"lazy\" decoding=\"async\" width=\"500\" height=\"448\" class=\"wp-image-1241\" style=\"width: 500px;\" src=\"https:\/\/pu.chs.chalmers.se\/wordpress\/wp-content\/uploads\/20121118_001_01D_369.jpg\" alt=\"\" srcset=\"https:\/\/programkommitten.se\/wordpress\/wp-content\/uploads\/20121118_001_01D_369.jpg 1493w, https:\/\/programkommitten.se\/wordpress\/wp-content\/uploads\/20121118_001_01D_369-300x269.jpg 300w, https:\/\/programkommitten.se\/wordpress\/wp-content\/uploads\/20121118_001_01D_369-1024x918.jpg 1024w, https:\/\/programkommitten.se\/wordpress\/wp-content\/uploads\/20121118_001_01D_369-768x689.jpg 768w\" sizes=\"auto, (max-width: 500px) 100vw, 500px\" \/>CFFC.se<br>Ordf\u00f6rande: Magnus Hallg\u00e5rde<br>Kass\u00f6r: Joel Strand<br>PR-chef: Viktor Bennersten<br>\u00d6lchef: Daniel Johansson<br>Filmchef: Jakob Fjellstr\u00f6m<br>Kurs\/Kulturchef: Tobias Petr\u00e9n<br>Musikchef: Johanna Eriksson<\/p>\n\n\n\n<h4 class=\"wp-block-heading\">PU 11\/12<\/h4>\n\n\n\n<p><img loading=\"lazy\" decoding=\"async\" width=\"500\" height=\"333\" class=\"wp-image-1234\" style=\"width: 500px;\" src=\"https:\/\/pu.chs.chalmers.se\/wordpress\/wp-content\/uploads\/FB_IMG_1592313456518.jpg\" alt=\"\" srcset=\"https:\/\/programkommitten.se\/wordpress\/wp-content\/uploads\/FB_IMG_1592313456518.jpg 1080w, https:\/\/programkommitten.se\/wordpress\/wp-content\/uploads\/FB_IMG_1592313456518-300x200.jpg 300w, https:\/\/programkommitten.se\/wordpress\/wp-content\/uploads\/FB_IMG_1592313456518-1024x683.jpg 1024w, https:\/\/programkommitten.se\/wordpress\/wp-content\/uploads\/FB_IMG_1592313456518-768x512.jpg 768w\" sizes=\"auto, (max-width: 500px) 100vw, 500px\" \/>CFFC.se<br>Ordf\u00f6rande: Ludvig Gj\u00e4lby<br>Kass\u00f6r: Krister Svanlund<br>PR-chef: Tobias Bostr\u00f6m<br>\u00d6lchef: Philip Steingr\u00fcber<br>Filmchef: Azur Biscevic<br>Kurs\/Kulturchef: Markus Jansson<br>Musikchef: Adam Scott<\/p>\n\n\n\n<h4 class=\"wp-block-heading\">PU 10\/11<\/h4>\n\n\n\n<p>Ordf\u00f6rande: Ola Petersson<br>Kass\u00f6r: Torunn Oskarsdotter<br>PR-chef: Alva M\u00e5rdsj\u00f6<br>\u00d6lchef: Nadia Serey<br>Filmchef: Herman Fransson<br>Kurs\/Kulturchef: Emelie Bengtsson<br>Musikchef: Bj\u00f6rn Lexell<\/p>\n\n\n\n<h4 class=\"wp-block-heading\">PU 9\/10<\/h4>\n\n\n\n<p>Ordf\u00f6rande: Jonatan Brown<br>Kass\u00f6r: Anna Eriksson<br>PR-chef: Johan Larsson<br>Kurs-\/Kultur och \u00d6lchef: \u00c5sa Hermansson<br>Filmchef: Mattias Warnqvist<br>Musikchef: John Lundberg<\/p>\n\n\n\n<h4 class=\"wp-block-heading\">PU 08\/09<\/h4>\n\n\n\n<p>Ordf\u00f6rande: Pierre Gelter<br>Kass\u00f6r: Sophie Kores<br>PR-chef: Magnus Sp\u00e5ngg\u00e5rd<br>\u00d6lchef: Anton Wahnstr\u00f6m<br>Filmchef: Erik Josefsson<br>Musikchef: Frida Thornberg<\/p>\n\n\n\n<h4 class=\"wp-block-heading\">PU 07\/08<\/h4>\n\n\n\n<p>Ordf\u00f6rande: Nicklas Gummesson<br>Kass\u00f6r: Moa Eriksson-\u00d6rtengren<br>PR-chef: Amanda Ohlson<br>\u00d6lchef: Erik Hammarberg<br>Filmchef: Mikael Pettersson<br>Musikchef: Oskar Tinnert<\/p>\n\n\n\n<h4 class=\"wp-block-heading\">PU 06\/07<\/h4>\n\n\n\n<p>Ordf\u00f6rande: Karl Tillstr\u00f6m<br>Kass\u00f6r: Kristina Liljestrand<br>PR-chef: Mikael \u00c5gren<br>\u00d6lchef: Andreas Stenlund<br>Filmchef: Jenny Gustafson<br>Kurs\/Kulturchef: Maria Bredfeldt<\/p>\n\n\n\n<h4 class=\"wp-block-heading\">PU 05\/06<\/h4>\n\n\n\n<p>Ordf\u00f6rande: Samuel Bergqvist<br>Kass\u00f6r: Kristin Lindholm<br>PR-chef: Kristin Kullberg<br>\u00d6lchef: Bj\u00f6rn Lundberg<br>Filmchef: Daniel Wahlberg<br>Kurs\/Kulturchef: Andreas Hedberg<br>Musikchef: Oskar Luv\u00f6<\/p>\n\n\n\n<h4 class=\"wp-block-heading\">PU 04\/05<\/h4>\n\n\n\n<p>Ordf\u00f6rande: Gustav Grundstr\u00f6m<br>Kass\u00f6r: Christoffer Modig<br>PR-chef: Shadi Kajevand<br>\u00d6lchef: Emma Elv<br>Filmchef: Erik Lehman<br>Kurs\/Musikchef: Ana Magasinovic<\/p>\n\n\n\n<h4 class=\"wp-block-heading\">PU 03\/04<\/h4>\n\n\n\n<p><img loading=\"lazy\" decoding=\"async\" width=\"500\" height=\"375\" class=\"wp-image-1237\" style=\"width: 500px;\" src=\"https:\/\/pu.chs.chalmers.se\/wordpress\/wp-content\/uploads\/imgp1605.jpg\" alt=\"\" srcset=\"https:\/\/programkommitten.se\/wordpress\/wp-content\/uploads\/imgp1605.jpg 1024w, https:\/\/programkommitten.se\/wordpress\/wp-content\/uploads\/imgp1605-300x225.jpg 300w, https:\/\/programkommitten.se\/wordpress\/wp-content\/uploads\/imgp1605-768x576.jpg 768w\" sizes=\"auto, (max-width: 500px) 100vw, 500px\" \/><br>Ordf\u00f6rande: Magnus Larsson<br>Kass\u00f6r: Johan Lundqvist<br>\u00d6lchef: Martin Edvall<br>Kurs\/Musikchef: Aram Jajarmizadeh<br>Filmchef: Linda Erlenhov<br>PR-chef: P\u00e4r Nordlund<\/p>\n\n\n<div id=\"exPu\">\n<h3>PU 02\/03<\/h3>\n<p>Ordf\u00f6rande: Nils Erichson<br \/>Kass\u00f6r: Jesper Johansson<br \/>\u00d6lchef: Daniel Marmander<br \/>Kurschef: Andreas Farre<br \/>Filmchef: Johan Br\u00e4nnstr\u00f6m<br \/>PR-chef: Daniel Jonsson<br \/>Musikchef: Mikael Hedman<\/p>\n<h3>PU 01\/02<\/h3>\n<p>Ordf\u00f6rande: Lillie de Val<br \/>Kass\u00f6r: Martin Johansson<br \/>\u00d6lchef: Alexander Hellervik<br \/>Kurschef: Tomas Kankanranta<br \/>Filmchef: Stella Boman<br \/>PR-chef: Peiman Khorramshahi<\/p>\n<h3>PU 00\/01<\/h3>\n<p>Ordf\u00f6rande: Peter Wiren<br \/>Kass\u00f6r: Olof Ragnerius<br \/>\u00d6hlchef: Erik Jonsson<br \/>PR-chef: Karin Bergman<br \/>Kulturchef: Ola Lundgren<br \/>Kurschef: Julia Hagstr\u00f6m<br \/>Filmchef: Linda Hagerskans<\/p>\n<h3>PU 99\/00<\/h3>\n<p>Filmchef: Hugo Flordal<br \/>Kass\u00f6r: H\u00e5kan Johansson<br \/>Kurs\/Kulturchef: Britta Rehn\u00f6<br \/>Ordf\u00f6rande: Erik Thysell<br \/>\u00d6hlchef: Lasse Saukkoriipi<\/p>\n<h3>PU 98\/99<\/h3>\n<p>Kass\u00f6r: Peo Petersson<br \/>Ordf\u00f6rande: Joel Eriksson<br \/>PR-chef: Sara Liljekvist<br \/>\u00d6hlchef: Martin Grauers<br \/>Suppleant\/Allt-i-allo: Olof Bergqvist<\/p>\n<h3>PU 97\/98<\/h3>\n<p>Filmchef: Olof Bergqvist<br \/>Kass\u00f6r: Magnus Borgstr\u00f6m<br \/>Ordf\u00f6rande VT: Lars Hansson<br \/>Ordf\u00f6rande HT: David Nilsson<br \/>PR-chef: Mia Johansson<br \/>\u00d6hlchef: Per Skoglund<\/p>\n<h3>PU 96\/97<\/h3>\n<p>Filmchef: Sara Lundh<br \/>Kass\u00f6r: Jesper Nordlinder<br \/>Kurschef: Fredrik Wiberg<br \/>Ordf\u00f6rande: Kristoffer Sun\u00e9r<br \/>PR-chef: Patrik Hult<br \/>\u00d6hlchef: Stefan Norberg<\/p>\n<h3>PU 95\/96<\/h3>\n<p>Filmchef: Lotta Carlsson<br \/>Kass\u00f6r: Magnus Lundmark<br \/>Kurschef: Ola Lundkvist<br \/>Ordf\u00f6rande: Marcus Persson<br \/>PR-chef: Erika Mangs<br \/>\u00d6hlchef: Patrik Carlsson<\/p>\n<h3>PU 94\/95<\/h3>\n<p>Filmchef: Niklas Jansson<br \/>Kass\u00f6r: Martin Karlsson<br \/>Kurschef: Bj\u00f6rn Jansson<br \/>Ordf\u00f6rande: Jonas Hansryd<br \/>PR-chef: Louise Arnell<br \/>\u00d6hlchef: Leif Nystr\u00f6m<\/p>\n<h3>PU 93\/94<\/h3>\n<p>Filmchef: Bj\u00f6rn Wennberg<br \/>Kass\u00f6r: Pontus Willqvist<br \/>Kurschef: Magnus Bengtsson<br \/>Ordf\u00f6rande: Linus Hjern<br \/>PR-chef: Jesper Starander<br \/>\u00d6hlchef: Per Enarsson<\/p>\n<h3>PU 92\/93<\/h3>\n<p>Filmchef: Johan Leckner<br \/>Kass\u00f6r: J\u00f6rgen Tamminen<br \/>Kurschef: Bj\u00f6rn Tidland<br \/>Ordf\u00f6rande: Stefan Karlsson<br \/>PR-chef: Claes Hansson<\/p>\n<h3>PU 91\/92<\/h3>\n<p>Filmchef: Hans Gustafsson<br \/>Kass\u00f6r: Anni Lindqvist<br \/>Kurschef: J\u00f6rgen Tegn\u00e9r<br \/>Ordf\u00f6rande: Anders Jacobsson<br \/>PR-chef: Stefan Hellqvist<\/p>\n<h3>PU 90\/91<\/h3>\n<p>Filmchef: Marica Gustafsson<br \/>Kass\u00f6r: Ulf-Johan Widstr\u00f6m (f.d. Isaksson)<br \/>Kurschef: Jan Karlstr\u00f6m<br \/>Ordf\u00f6rande: Christopher Ahlberg<br \/>PR-chef: Stefan Ros\u00e9n<\/p>\n<h3>PU 89\/90<\/h3>\n<p>Filmchef: Peter Nordin (tidigare Johansson)<br \/>Kass\u00f6r: Anders Samuelsson<br \/>Kurschef: Mikael Str\u00f6mberg<br \/>Ordf\u00f6rande: Henrik Svensson<br \/>PR-chef: Lena R\u00e5berger<\/p>\n<h3>PU 88\/89<\/h3>\n<p>Filmchef: Niklas Hallqvist<br \/>Kass\u00f6r: Ulf Kokinsky<br \/>Kurschef: Mats Wikstr\u00f6m<br \/>Ordf\u00f6rande: H\u00e5kan Svahn<br \/>PR-chef: Kerstin Lagerwall<\/p>\n<h3>PU 87\/88<\/h3>\n<p>Filmchef: Henrik Selstam<br \/>Kass\u00f6r: John Nilsson<br \/>Kurschef: Karin Jansson<br \/>Ordf\u00f6rande: Patrik Eriksson<br \/>PR-chef: Katarina Ragnitt (?)<\/p>\n<h3>PU 86\/87<\/h3>\n<p>Filmchef: Jonas Liljest\u00f6m<br \/>Kass\u00f6r: Anna Bergdahl<br \/>Ordf\u00f6rande: Per Weslien<br \/>PR-chef: Eva Daun<\/p>\n<h3>PU 85\/86<\/h3>\n<p>Filmchef: Elisabeth G\u00e5rdb\u00e4ck<br \/>Kass\u00f6r: Bj\u00f6rn Hallare<br \/>Kurschef: Paul Nord<br \/>Ordf\u00f6rande: Knut Hansen<br \/>PR-chef: Taisto Onnela<br \/>Slav: Joachim H\u00e4ggstr\u00f6m<\/p>\n<h3>PU 84\/85<\/h3>\n<p>Filmchef: Agneta Kores<br \/>Kass\u00f6r: Lars Axelsson<br \/>Kurschef: Sten Wranne<br \/>Ordf\u00f6rande: Per Erik Svensson<br \/>PR-chef: Anette Laurell<\/p>\n<h3>PU 83\/84<\/h3>\n<p>Filmchef: Michael Johansson<br \/>Kass\u00f6r: Thomas H\u00e4gertz<br \/>Kurschef: Astrid Lagerberg<br \/>Ordf\u00f6rande: H\u00e5kan Pikner<br \/>PR-chef: Lars Nyman<\/p>\n<h3>PU 82\/83<\/h3>\n<p>Filmchef: Lennart Lundin<br \/>Kass\u00f6r: Karin Norell<br \/>Kurschef: Helena Spiess<br \/>Ordf\u00f6rande: Andreas Philipsson<br \/>PR-chef: Michael Wers\u00e4ll<\/p>\n<h3>PU 81\/82<\/h3>\n<p>Filmchef: Anette Wester<br \/>Kass\u00f6r: Anders Nyberg<br \/>Kurschef: Kenn Kriisa<br \/>Ordf\u00f6rande: Claes Hammer<br \/>PR-chef: Claes Ferm<\/p>\n<h3>PU 80\/81<\/h3>\n<p>Filmchef: Bernt-Erik Blomgren<br \/>Kass\u00f6r: Ulf Gustafsson<br \/>Kurschef: Per Appert<br \/>Ordf\u00f6rande: Anders Berndtsson<br \/>PR-chef: Nils-Erik Kilander<\/p>\n<h3>PU 79\/80<\/h3>\n<p>Filmchef: Bo-Martin Starzmann<br \/>Kass\u00f6r: Lars Hallin<br \/>Kurschef: Annelies Steffen<br \/>Ordf\u00f6rande: Johan Karlsson<br \/>??: Carin Almqvist<\/p>\n<h3>PU 78\/79<\/h3>\n<p>Filmchef: Annika Ekstrand-Tobin<br \/>Filmchef: Anders H\u00e4gglin<br \/>Kass\u00f6r: Karin Herder<br \/>Kurschef: Hans Borrling<br \/>Ordf\u00f6rande: Stefan Loeb-Valinder<\/p>\n<h3>PU 77\/78<\/h3>\n<p>Filmchef: Gunilla Stawstr\u00f6m<br \/>Kass\u00f6r: Per-\u00c5ke Franck<br \/>Kurschef: Barbro Moberg-Alehammar<br \/>Ordf\u00f6rande: Lars Carsson<br \/>PR-chef: Henryk Lipp<\/p>\n<h3>PU 76\/77<\/h3>\n<p>Filmchef: Magnus Lanerot<br \/>Kass\u00f6r: Ove Jonsson<br \/>Kurschef: Ann Langard<br \/>Ordf\u00f6rande: Anders Hj\u00e4rn<br \/>Ledamot: Margherit S\u00f6rensen<\/p>\n<h3>PU 75\/76<\/h3>\n<p>Fimchef: Per-Erik Sundstr\u00f6m<br \/>Kass\u00f6r: Rolf Krook<br \/>Kurschef: Per Herolf<br \/>Ordf\u00f6rande: G\u00f6ran Lundqvist<br \/>Ledamot: Stephen Leiland<br \/>Ledamot: Barbro Sundstr\u00f6m<\/p>\n<h3>PU 74\/75<\/h3>\n<p>?: Lars Gabrielson<br \/>?: Bengt-G\u00f6ran H\u00e4ll\u00e5s<br \/>?: Agneta Lundin<br \/>?: Per Wiechert<br \/>?: Dan Wollter<\/p>\n<h3>PU 73\/74<\/h3>\n<p>Filmchef: Stefan Lyxell<br \/>Kurschef: Ronny Terbrant<br \/>Ledamot: Jan Kragsterman<br \/>Ledamot: Torbj\u00f6rn Lindal<br \/>Ledamot: Bo Palmqvist<\/p>\n<h3>PU 72\/73<\/h3>\n<p>Filmchef: Peter Bildt<br \/>Kurschef: Hans Andreen-Nerstu<br \/>Ordf\u00f6rande: Eric Holm<br \/>Ledamot: Michael Nyblom<br \/>Ledamot: Lars Weimers<\/p>\n<h3>PU 71\/72<\/h3>\n<p>Ledamot: Carl johan Bergstr\u00f6m<br \/>Filmchef: Magnus Dahlgren<br \/>Kurschef: Ulf Ousb\u00e4ck<br \/>Ordf\u00f6rande: Peter Tengelin<br \/>Ledamot: Bj\u00f6rn Littorin<\/p>\n<h3>PU 70\/71<\/h3>\n<p>Ledamot: Lars Eriksson<br \/>Ledamot: Claes G\u00f6ran Pettersson<br \/>Filmchef: Bengt Ryde<br \/>Kurschef: Ulf Thole<br \/>Ordf\u00f6rande: Claes Breitholtz<\/p>\n<h3>PU 69\/70<\/h3>\n<p>Ledamot: Anders Eriksson<br \/>Ledamot: M\u00e5rten Nordgren<br \/>Ledamot: Ulla Kjellberg<br \/>Kurschef: Birgitta Wogenius<br \/>Ordf\u00f6rande: Claes G\u00f6ran Ahr\u00e9n<\/p>\n<h3>PU 68\/69<\/h3>\n<p>Ledamot: Mats Berglund<br \/>Ledamot: Sune Larsson<br \/>Ledamot: Per G\u00f6ran Ylander<br \/>Kurssekreterare: Rune Persson<br \/>Ordf\u00f6rande: Anders Haglind<\/p>\n<h3>PU 67\/68<\/h3>\n<p>Ledamot: Claes G\u00f6ran Ahr\u00e9n<br \/>Ledamot: Anders Haglind<br \/>Ledamot: Lars Johannesson<br \/>Kurssekreterare: Hans Rosenblad<br \/>Ordf\u00f6rande: Tomas Clevensj\u00f6<\/p>\n<h3>PU VT 67<\/h3>\n<p>Ledamot: Lennart Bengtsson<br \/>Ledamot: Johan Bergek<br \/>Ledamot: Hans Tunesson<br \/>Kurssekreterare: G\u00f6ran \u00c5gren<br \/>Ordf\u00f6rande: Lars Fredlund<\/p>\n<\/div>","protected":false},"excerpt":{"rendered":"<p>PU 24\/25 Ordf\u00f6rande: Albin SvenskeKass\u00f6r: Victor RasmussonPR-chef: Johanna Edh\u00d6lchef: Daniel MelinFilmchef: Emelie GillerstedtKurs\/Kulturchef: Mandus H\u00f6gbergMusikchef: Hannah Tu PU 23\/24 Ordf\u00f6rande: Louise SelinKass\u00f6r: Jennie \u00d6nnermalmPR-chef: Jonathan Linder\u00d6lchef: Daniel MalmgrenFilmchef: Wilhelm HenrikssonKurs\/Kulturchef: Sofia BergendahlMusikchef: Axel Carlstedt PU 22\/23 Ordf\u00f6rande: P\u00e9ter GaalKass\u00f6r: Melker Wikstr\u00f6mPR-chef: Axel S\u00f6derberg\u00d6lchef: Emelie BladeFilmchef: Maja Sv\u00e4rdKurs\/Kulturchef: Hugo M\u00e5rdbrinkMusikchef: Julia B\u00f6ckert PU 21\/22 Ordf\u00f6rande: Carl [&hellip;]<\/p>\n","protected":false},"author":7,"featured_media":0,"parent":0,"menu_order":0,"comment_status":"closed","ping_status":"closed","template":"","meta":{"footnotes":""},"class_list":["post-16","page","type-page","status-publish","hentry"],"_links":{"self":[{"href":"https:\/\/programkommitten.se\/wordpress\/wp-json\/wp\/v2\/pages\/16","targetHints":{"allow":["GET"]}}],"collection":[{"href":"https:\/\/programkommitten.se\/wordpress\/wp-json\/wp\/v2\/pages"}],"about":[{"href":"https:\/\/programkommitten.se\/wordpress\/wp-json\/wp\/v2\/types\/page"}],"author":[{"embeddable":true,"href":"https:\/\/programkommitten.se\/wordpress\/wp-json\/wp\/v2\/users\/7"}],"replies":[{"embeddable":true,"href":"https:\/\/programkommitten.se\/wordpress\/wp-json\/wp\/v2\/comments?post=16"}],"version-history":[{"count":46,"href":"https:\/\/programkommitten.se\/wordpress\/wp-json\/wp\/v2\/pages\/16\/revisions"}],"predecessor-version":[{"id":1862,"href":"https:\/\/programkommitten.se\/wordpress\/wp-json\/wp\/v2\/pages\/16\/revisions\/1862"}],"wp:attachment":[{"href":"https:\/\/programkommitten.se\/wordpress\/wp-json\/wp\/v2\/media?parent=16"}],"curies":[{"name":"wp","href":"https:\/\/api.w.org\/{rel}","templated":true}]}}