{"id":12,"date":"2013-10-08T13:38:38","date_gmt":"2013-10-08T13:38:38","guid":{"rendered":"http:\/\/pu.chs.chalmers.se\/wordpress\/?page_id=12"},"modified":"2025-08-17T19:01:14","modified_gmt":"2025-08-17T18:01:14","slug":"kontakt","status":"publish","type":"page","link":"https:\/\/programkommitten.se\/wordpress\/kontakt\/","title":{"rendered":"Kontakt"},"content":{"rendered":"\n<p>Det \u00e4r vi som Programkommitt\u00e9n PU 25\/26! L\u00e4ngre ner hittar du kontaktuppgifter till samtliga personer. K\u00e4nner du dig os\u00e4ker p\u00e5 vem du ska h\u00f6ra av dig till s\u00e5 kan du maila <strong>pu@programkommitten.se<\/strong> s\u00e5 kommer informationen till samtliga.<\/p>\n\n\n\n<p>Tycker du inte om att maila eller bara vill tr\u00e4ffa oss \u00e4r du v\u00e4lkommen att bes\u00f6ka oss p\u00e5 v\u00e5rt rum, en trappa ner i k\u00e5rhuset (nya f\u00f6reningstorget). <\/p>\n\n\n\n<figure class=\"wp-block-image size-large\"><img loading=\"lazy\" decoding=\"async\" width=\"1024\" height=\"701\" src=\"https:\/\/programkommitten.se\/wordpress\/wp-content\/uploads\/Sittande-e1755376160788-1024x701.jpg\" alt=\"\" class=\"wp-image-1848\" srcset=\"https:\/\/programkommitten.se\/wordpress\/wp-content\/uploads\/Sittande-e1755376160788-1024x701.jpg 1024w, https:\/\/programkommitten.se\/wordpress\/wp-content\/uploads\/Sittande-e1755376160788-300x205.jpg 300w, https:\/\/programkommitten.se\/wordpress\/wp-content\/uploads\/Sittande-e1755376160788-768x526.jpg 768w, https:\/\/programkommitten.se\/wordpress\/wp-content\/uploads\/Sittande-e1755376160788-1536x1051.jpg 1536w, https:\/\/programkommitten.se\/wordpress\/wp-content\/uploads\/Sittande-e1755376160788.jpg 1584w\" sizes=\"auto, (max-width: 1024px) 100vw, 1024px\" \/><figcaption class=\"wp-element-caption\">Foto: CFFC\/CFFC.se<br> Programkommitt\u00e9n PU 25\/26<\/figcaption><\/figure>\n\n\n<p>Erik Green Blomroos, <strong>PR-chef,\u00a0<\/strong>pr@programkommitten.se<br \/>Emelie Skep\u00f6, <strong>Ordf\u00f6rande, <\/strong>ordf@programkommitten.se<br \/>Julia Sandertoft, <strong>Filmchef,\u00a0<\/strong>film@programkommitten.se<br \/>Harald \u00d6dman, <strong>\u00d6lchef,\u00a0<\/strong>ol@programkommitten.se<br \/><span style=\"font-size: revert; color: initial;\">Edvin Olsson, <\/span><strong style=\"font-size: revert; color: initial;\">Musikchef, <\/strong><span style=\"font-size: revert; color: initial;\">musik@programkommitten.se<br \/><\/span><span style=\"font-size: revert; color: initial;\">Isabelle Bellander, <\/span><strong style=\"font-size: revert; color: initial;\">Kass\u00f6r,<\/strong><span style=\"font-size: revert; color: initial;\"> kassor@programkommitten.se<br \/><\/span><span style=\"font-size: revert; color: initial;\">Sebastian Nguyen, <strong>Kurs- och Kulturchef,\u00a0<\/strong>kk@programkommitten.se<\/span><\/p>\n<p>&nbsp;<\/p>\n<p><br data-rich-text-line-break=\"true\" \/><br data-rich-text-line-break=\"true\" \/><\/p>\n<p><!-- td style=\"vertical-align: top;\"> <a href=\"http:\/\/pu.chs.chalmers.se\/wordpress\/wp-content\/uploads\/20160811_002_01D_212.jpg\"><img decoding=\"async\" src=\"http:\/\/pu.chs.chalmers.se\/wordpress\/wp-content\/uploads\/20160811_002_01D_212.jpg\" alt=\"20160811_002_01D_212\" width=\"50%\" align=\"right\"  size-full wp-image-665\" srcset=\"https:\/\/programkommitten.se\/wordpress\/wp-content\/uploads\/20160811_002_01D_212.jpg 1365w, https:\/\/programkommitten.se\/wordpress\/wp-content\/uploads\/20160811_002_01D_212-199x300.jpg 199w, https:\/\/programkommitten.se\/wordpress\/wp-content\/uploads\/20160811_002_01D_212-682x1024.jpg 682w\" sizes=\"(max-width: 1365px) 100vw, 1365px\" \/><\/a> <\/td --><\/p>\n<p><!-- td style=\"vertical-align: top;\"> <a href=\"http:\/\/pu.chs.chalmers.se\/wordpress\/wp-content\/uploads\/20160811_002_01D_204.jpg\"><img decoding=\"async\" src=\"http:\/\/pu.chs.chalmers.se\/wordpress\/wp-content\/uploads\/20160811_002_01D_204.jpg\" alt=\"20160811_002_01D_204\" width=\"50%\" align=\"right\" size-full wp-image-663\" srcset=\"https:\/\/programkommitten.se\/wordpress\/wp-content\/uploads\/20160811_002_01D_204.jpg 1365w, https:\/\/programkommitten.se\/wordpress\/wp-content\/uploads\/20160811_002_01D_204-199x300.jpg 199w, https:\/\/programkommitten.se\/wordpress\/wp-content\/uploads\/20160811_002_01D_204-682x1024.jpg 682w\" sizes=\"(max-width: 1365px) 100vw, 1365px\" \/><\/a> <\/td --><\/p>\n<p><!-- td> <a href=\"http:\/\/pu.chs.chalmers.se\/wordpress\/wp-content\/uploads\/20160811_002_01D_163.jpg\"><img decoding=\"async\" src=\"http:\/\/pu.chs.chalmers.se\/wordpress\/wp-content\/uploads\/20160811_002_01D_163.jpg\" alt=\"20160811_002_01D_163\" width=\"50%\" align=\"right\" size-full wp-image-666\" srcset=\"https:\/\/programkommitten.se\/wordpress\/wp-content\/uploads\/20160811_002_01D_163.jpg 1365w, https:\/\/programkommitten.se\/wordpress\/wp-content\/uploads\/20160811_002_01D_163-199x300.jpg 199w, https:\/\/programkommitten.se\/wordpress\/wp-content\/uploads\/20160811_002_01D_163-682x1024.jpg 682w\" sizes=\"(max-width: 1365px) 100vw, 1365px\" \/><\/a> <\/td --><\/p>\n<p><!-- td> <a href=\"http:\/\/pu.chs.chalmers.se\/wordpress\/wp-content\/uploads\/20160811_002_01D_186.jpg\"><img decoding=\"async\" src=\"http:\/\/pu.chs.chalmers.se\/wordpress\/wp-content\/uploads\/20160811_002_01D_186.jpg\" alt=\"20160811_002_01D_186\" width=\"50%\" align=\"right\" size-full wp-image-662\" srcset=\"https:\/\/programkommitten.se\/wordpress\/wp-content\/uploads\/20160811_002_01D_186.jpg 1365w, https:\/\/programkommitten.se\/wordpress\/wp-content\/uploads\/20160811_002_01D_186-199x300.jpg 199w, https:\/\/programkommitten.se\/wordpress\/wp-content\/uploads\/20160811_002_01D_186-682x1024.jpg 682w\" sizes=\"(max-width: 1365px) 100vw, 1365px\" \/><\/a> <\/td --><\/p>\n<p><!-- td> <a href=\"http:\/\/pu.chs.chalmers.se\/wordpress\/wp-content\/uploads\/20160811_002_01D_170.jpg\"><img decoding=\"async\" src=\"http:\/\/pu.chs.chalmers.se\/wordpress\/wp-content\/uploads\/20160811_002_01D_170.jpg\" alt=\"20160811_002_01D_170\" width=\"50%\" align=\"right\" size-full wp-image-668\" srcset=\"https:\/\/programkommitten.se\/wordpress\/wp-content\/uploads\/20160811_002_01D_170.jpg 1365w, https:\/\/programkommitten.se\/wordpress\/wp-content\/uploads\/20160811_002_01D_170-199x300.jpg 199w, https:\/\/programkommitten.se\/wordpress\/wp-content\/uploads\/20160811_002_01D_170-682x1024.jpg 682w\" sizes=\"(max-width: 1365px) 100vw, 1365px\" \/><\/a> <\/td --><\/p>\n<p><!-- td> <a href=\"http:\/\/pu.chs.chalmers.se\/wordpress\/wp-content\/uploads\/20160811_002_01D_179.jpg\"><img decoding=\"async\" src=\"http:\/\/pu.chs.chalmers.se\/wordpress\/wp-content\/uploads\/20160811_002_01D_179.jpg\" alt=\"20160811_002_01D_179\" width=\"50%\" align=\"right\" size-full wp-image-661\" srcset=\"https:\/\/programkommitten.se\/wordpress\/wp-content\/uploads\/20160811_002_01D_179.jpg 1365w, https:\/\/programkommitten.se\/wordpress\/wp-content\/uploads\/20160811_002_01D_179-199x300.jpg 199w, https:\/\/programkommitten.se\/wordpress\/wp-content\/uploads\/20160811_002_01D_179-682x1024.jpg 682w\" sizes=\"(max-width: 1365px) 100vw, 1365px\" \/><\/a> <\/td --><\/p>\n<p><!-- td> <a href=\"http:\/\/pu.chs.chalmers.se\/wordpress\/wp-content\/uploads\/20160811_002_01D_208.jpg\"><img decoding=\"async\" src=\"http:\/\/pu.chs.chalmers.se\/wordpress\/wp-content\/uploads\/20160811_002_01D_208.jpg\" alt=\"20160811_002_01D_208\" width=\"50%\" align=\"right\" size-full wp-image-664\" srcset=\"https:\/\/programkommitten.se\/wordpress\/wp-content\/uploads\/20160811_002_01D_208.jpg 1365w, https:\/\/programkommitten.se\/wordpress\/wp-content\/uploads\/20160811_002_01D_208-199x300.jpg 199w, https:\/\/programkommitten.se\/wordpress\/wp-content\/uploads\/20160811_002_01D_208-682x1024.jpg 682w\" sizes=\"(max-width: 1365px) 100vw, 1365px\" \/><\/a> <\/td --><\/p>\n<p><!-- Photo by: <a title=\"CFFC\" href=\"http:\/\/www.cffc.se\/\">CFFC<\/a> --><\/p>","protected":false},"excerpt":{"rendered":"<p>Det \u00e4r vi som Programkommitt\u00e9n PU 25\/26! L\u00e4ngre ner hittar du kontaktuppgifter till samtliga personer. K\u00e4nner du dig os\u00e4ker p\u00e5 vem du ska h\u00f6ra av dig till s\u00e5 kan du maila pu@programkommitten.se s\u00e5 kommer informationen till samtliga. Tycker du inte om att maila eller bara vill tr\u00e4ffa oss \u00e4r du v\u00e4lkommen att bes\u00f6ka oss p\u00e5 [&hellip;]<\/p>\n","protected":false},"author":7,"featured_media":0,"parent":0,"menu_order":0,"comment_status":"closed","ping_status":"closed","template":"","meta":{"footnotes":""},"class_list":["post-12","page","type-page","status-publish","hentry"],"_links":{"self":[{"href":"https:\/\/programkommitten.se\/wordpress\/wp-json\/wp\/v2\/pages\/12","targetHints":{"allow":["GET"]}}],"collection":[{"href":"https:\/\/programkommitten.se\/wordpress\/wp-json\/wp\/v2\/pages"}],"about":[{"href":"https:\/\/programkommitten.se\/wordpress\/wp-json\/wp\/v2\/types\/page"}],"author":[{"embeddable":true,"href":"https:\/\/programkommitten.se\/wordpress\/wp-json\/wp\/v2\/users\/7"}],"replies":[{"embeddable":true,"href":"https:\/\/programkommitten.se\/wordpress\/wp-json\/wp\/v2\/comments?post=12"}],"version-history":[{"count":67,"href":"https:\/\/programkommitten.se\/wordpress\/wp-json\/wp\/v2\/pages\/12\/revisions"}],"predecessor-version":[{"id":1863,"href":"https:\/\/programkommitten.se\/wordpress\/wp-json\/wp\/v2\/pages\/12\/revisions\/1863"}],"wp:attachment":[{"href":"https:\/\/programkommitten.se\/wordpress\/wp-json\/wp\/v2\/media?parent=12"}],"curies":[{"name":"wp","href":"https:\/\/api.w.org\/{rel}","templated":true}]}}