{"id":10,"date":"2013-10-08T13:38:18","date_gmt":"2013-10-08T13:38:18","guid":{"rendered":"http:\/\/pu.chs.chalmers.se\/wordpress\/?page_id=10"},"modified":"2025-11-04T23:24:10","modified_gmt":"2025-11-04T22:24:10","slug":"kurser","status":"publish","type":"page","link":"https:\/\/programkommitten.se\/wordpress\/kurser\/","title":{"rendered":"Kurser"},"content":{"rendered":"<p>Programkommitt\u00e9n PU erbjuder kurser varje \u00e5r f\u00f6r att ge chalmerister en m\u00f6jlighet att f\u00f6r ett \u00f6verkomligt pris l\u00e4ra sig mer om n\u00e5got speciellt som intresserar dem. Dessutom erbjuder vi \u00e4ven flertalet provningar f\u00f6r att l\u00e5ta chalmerister tr\u00e4na sina smakl\u00f6kar. Har du en egen id\u00e9 till kv\u00e4llskurs eller liknande som skulle berika Chalmeristens studietid s\u00e5 h\u00f6r av dig till <strong><a title=\"Kontakt\" href=\"http:\/\/pu.chs.chalmers.se\/wordpress\/kontakt\/\">Kurs &amp; Kulturchefen<\/a><\/strong> med dina tankar!<\/p>\n<p>&nbsp;<\/p>\n<h3 id=\"h3_link\" class=\"borderBot\">Gokartkurs<\/h3>\n<p><span style=\"font-weight: 400;\">G\u00f6teborgs Gokartcenter i Torslanda \u00e4r den enda anl\u00e4ggningen i G\u00f6teborg med b\u00e5de en inomhus och en utomhusbana. Vi i PU har tillsammans med deras erfarna och v\u00e4lutbildade instrukt\u00f6rer framtagit en Gokartkurs f\u00f6r er som vi \u00e4r \u00f6vertygade \u00f6ver kommer vara mycket roligt och \u00e4ven givande f\u00f6r alla, oavsett tidigare erfarenhet.<\/span><\/p>\n<p><span style=\"font-weight: 400;\">Kursen kommer att h\u00e5llas under en halvdag mellan klockan 12:00 till 16:15. Vi v\u00e4lkomnar b\u00e5de Chalmerister s\u00e5v\u00e4l som icke-chalmerister, s\u00e5 ta med alla dina v\u00e4nner och ha en fartfylld dag tillsammans.<\/span><\/p>\n<p><span style=\"font-weight: 400;\">I kursen kommer det ing\u00e5 teori och \u00e4ven k\u00f6rning och coachning p\u00e5 b\u00e5de inomhus- och utomhusbanan. F\u00f6r de intresserade kommer det \u00e4ven vara m\u00f6jligt att skriva ett licensprov utan extra kostnad. Transport till G\u00f6teborgs Gokartcenter sker p\u00e5 egen hand och kom m\u00e4tta.<\/span><\/p>\n<p><span style=\"font-weight: 400;\">Registrera den mail som du ofta l\u00e4ser d\u00e5 vi kommer skicka ut schemat och kursmaterial till den.<\/span><\/p>\n<p><span style=\"font-weight: 400;\">Information om kursen:<\/span><\/p>\n<p><b>Datum:<\/b><span style=\"font-weight: 400;\"> S\u00f6ndag 16:e november<\/span><\/p>\n<p><b>Tid:<\/b><span style=\"font-weight: 400;\"> Klockan 12:00 &#8211; 16:15<\/span><\/p>\n<p><b>Plats:<\/b><span style=\"font-weight: 400;\"> G\u00f6teborgs Gokartcenter, Bulyckev\u00e4gen 20 418 78 G\u00f6teborg (Torslanda)<\/span><\/p>\n<p><b>Anm\u00e4lan:<\/b><span style=\"font-weight: 400;\"> Digitalt via k\u00e5rappen 11\/11 &#8211; 13\/11<\/span><\/p>\n<p><b>Pris: <\/b><span style=\"font-weight: 400;\">700kr<\/span><\/p>\n<p><span style=\"font-weight: 400;\">Max 60 pers, minst 40 pers<\/span><\/p>\n<p>&nbsp;<\/p>\n<h3 id=\"h3_link\" class=\"borderBot\">Kustskepparexamen<\/h3>\n<p>Kursen ges minst en g\u00e5ng per \u00e5r, vanligtvis med start i LP1 under h\u00f6sten, och h\u00e5lls av kapten Henrik Ohlson som guidar mellan kobbar och sk\u00e4r. Kursen ger kustskepparexamen med f\u00f6rarbevis och best\u00e5r av teoretiska f\u00f6rel\u00e4sningar samt praktiska moment. Inga f\u00f6rkunskaper kr\u00e4vs f\u00f6r att g\u00e5 kursen.\u00a0<!-- V\u00e5rens kustskepparkurs har redan b\u00f6rjat men den \u00e4r tillbaka igen i h\u00f6st, h\u00e5ll utkik h\u00e4r i sommar f\u00f6r mer information om anm\u00e4lan!--><\/p>\n<h4>Kustskepparkurs l\u00e4s\u00e5ret 2024\/25<\/h4>\n<p>L\u00e4s\u00e5rets Kustskepparkurs kommer att g\u00e5 p\u00e5 v\u00e5ren! Kursen b\u00f6rjar med ett introduktionstillf\u00e4lle den 30:e januari kl 17:00, i HA3-salen i maskinhuset! Kursen kommer inkludera F\u00f6rarintyg och Kustskepparintyg och B\u00e5tpraktik. Det kommer ocks\u00e5 finnas m\u00f6jligheten till att ta ett radiocertifikat, detta erbjuds ut\u00f6ver kustskepparexamen, och det tillkommer en summa f\u00f6r att ta detta certifikat.<\/p>\n<p>Priset f\u00f6r kursen \u00e4r 1700 kr f\u00f6r medlemmar i Chalmers Studentk\u00e5r och 2300 kr f\u00f6r icke-chalmerister. Till kursen tillkommer \u00e4ven en avgift f\u00f6r kurslitteratur p\u00e5 885 kr. Certifikatavgiften f\u00f6r F\u00f6rarintyget, Kustskepparintyget och VHF \u00e4r 625 kr f\u00f6r vart och ett, vilket inte inkluderas i kursavgiften.<\/p>\n<p><span style=\"font-weight: 400;\">Kursmaterialet best\u00e5r av kursbok, \u00f6vningsbok och tv\u00e5 fackb\u00f6cker, tv\u00e5 \u00f6vningssj\u00f6kort och ritbestick. Materialet presenteras i detalj p\u00e5 kursintroduktionen.\u00a0<\/span><\/p>\n<p>F\u00f6r mer information, se v\u00e5rt <a href=\"https:\/\/www.facebook.com\/events\/1058583649292182\/\">Facebook-evenemang<\/a><\/p>\n<p>FAQ:\u00a0<a href=\"https:\/\/drive.google.com\/file\/d\/1BUpL2I7ijNys1f4nx1nHzrYSNbYLPteb\/view?usp=sharing\">https:\/\/docs.google.com\/document\/d\/1R4jsYzNQNR-V0rwGLpeXf3UeMpVXFUtf\/edit?usp=sharing&amp;ouid=113912522451736647414&amp;rtpof=true&amp;sd=true<\/a><\/p>\n<h4>Anm\u00e4lan<\/h4>\n<p>L\u00e4nk till anm\u00e4lningsformul\u00e4r:\u00a0<a href=\"https:\/\/forms.gle\/zvFnTxiSM6Ej5gV88\">https:\/\/forms.gle\/zvFnTxiSM6Ej5gV88<\/a><\/p>\n<h4>Schema<\/h4>\n<p>L\u00e4nk till schema: <a href=\"https:\/\/drive.google.com\/file\/d\/1pVY31i3-XSL15lJuga6o8CnrxQ11E7HN\/view?usp=sharing\">https:\/\/drive.google.com\/file\/d\/1esZeGlnABu5R-yyBRQ4DomvsqCmSZ9ng\/view?usp=sharing<\/a><\/p>\n<p>Det finns tv\u00e5 tillf\u00e4llen f\u00f6r varje avsnitt, och du kan v\u00e4lja det som passar dig b\u00e4st. Schemat presenteras mer i detalj under introtillf\u00e4llet.<\/p>\n<p>Eventuella fr\u00e5gor skickas till: <a href=\"mailto:kk@programkommitten.se\"><b>kk@programkommitten.se<\/b><\/a><\/p>\n<p><!--\n\n\n\n\n\n\n\n\n\n\n\n\n\n\n\n\n\n\n\n\n\n\n\n\n<h4>VT17 Datum:<\/h4>\n\n\n\n\n\n\n\n\n\n\n\n\n\n\n\n\n\n\n\n\n\n\n\n\nDatumen f\u00f6r v\u00e5rens kurs finns p\u00e5 <a href=https:\/\/drive.google.com\/file\/d\/0B5kN1QkoystkWlg5SUdXWUxWQk0\/view?usp=sharing\"  target=\"_blank\" rel=\"noopener noreferrer\">denna l\u00e4nk<\/a>!\n<em><strong>Obs.<\/strong> schemat \u00e4r prelimin\u00e4rt.<\/em> --><\/p>\n\n\n<p><\/p>\n","protected":false},"excerpt":{"rendered":"<p>Programkommitt\u00e9n PU erbjuder kurser varje \u00e5r f\u00f6r att ge chalmerister en m\u00f6jlighet att f\u00f6r ett \u00f6verkomligt pris l\u00e4ra sig mer om n\u00e5got speciellt som intresserar dem. Dessutom erbjuder vi \u00e4ven flertalet provningar f\u00f6r att l\u00e5ta chalmerister tr\u00e4na sina smakl\u00f6kar. Har du en egen id\u00e9 till kv\u00e4llskurs eller liknande som skulle berika Chalmeristens studietid s\u00e5 h\u00f6r [&hellip;]<\/p>\n","protected":false},"author":7,"featured_media":0,"parent":0,"menu_order":0,"comment_status":"closed","ping_status":"closed","template":"","meta":{"footnotes":""},"class_list":["post-10","page","type-page","status-publish","hentry"],"_links":{"self":[{"href":"https:\/\/programkommitten.se\/wordpress\/wp-json\/wp\/v2\/pages\/10","targetHints":{"allow":["GET"]}}],"collection":[{"href":"https:\/\/programkommitten.se\/wordpress\/wp-json\/wp\/v2\/pages"}],"about":[{"href":"https:\/\/programkommitten.se\/wordpress\/wp-json\/wp\/v2\/types\/page"}],"author":[{"embeddable":true,"href":"https:\/\/programkommitten.se\/wordpress\/wp-json\/wp\/v2\/users\/7"}],"replies":[{"embeddable":true,"href":"https:\/\/programkommitten.se\/wordpress\/wp-json\/wp\/v2\/comments?post=10"}],"version-history":[{"count":111,"href":"https:\/\/programkommitten.se\/wordpress\/wp-json\/wp\/v2\/pages\/10\/revisions"}],"predecessor-version":[{"id":1887,"href":"https:\/\/programkommitten.se\/wordpress\/wp-json\/wp\/v2\/pages\/10\/revisions\/1887"}],"wp:attachment":[{"href":"https:\/\/programkommitten.se\/wordpress\/wp-json\/wp\/v2\/media?parent=10"}],"curies":[{"name":"wp","href":"https:\/\/api.w.org\/{rel}","templated":true}]}}